{"id":8621,"date":"2024-11-06T17:32:50","date_gmt":"2024-11-06T16:32:50","guid":{"rendered":"https:\/\/www.martinellieassociati.com\/?page_id=8621"},"modified":"2025-03-12T14:44:56","modified_gmt":"2025-03-12T13:44:56","slug":"cristina-erminero","status":"publish","type":"page","link":"https:\/\/www.martinellieassociati.com\/en\/chi-siamo\/cristina-erminero\/","title":{"rendered":"Cristina Erminero"},"content":{"rendered":"<div id=\"fws_69dcb06896198\"  data-column-margin=\"default\" data-midnight=\"dark\"  class=\"wpb_row vc_row-fluid vc_row full-width-content vc_row-o-full-height vc_row-o-columns-middle vc_row-o-equal-height vc_row-flex vc_row-o-content-middle\"  style=\"padding-top: 0px; padding-bottom: 0px; \"><div class=\"row-bg-wrap\" data-bg-animation=\"none\" data-bg-animation-delay=\"\" data-bg-overlay=\"false\"><div class=\"inner-wrap row-bg-layer\" ><div class=\"row-bg viewport-desktop\"  style=\"\"><\/div><\/div><\/div><div class=\"row_col_wrap_12 col span_12 dark left\">\n\t<div  class=\"vc_col-sm-12 wpb_column column_container vc_column_container col centered-text no-extra-padding force-tablet-text-align-left force-phone-text-align-left el_spacing_0px inherit_tablet inherit_phone\"  data-padding-pos=\"all\" data-has-bg-color=\"false\" data-bg-color=\"\" data-bg-opacity=\"1\" data-animation=\"\" data-delay=\"0\" >\n\t\t<div class=\"vc_column-inner\" >\n\t\t\t<div class=\"wpb_wrapper\">\n\t\t\t\t<div id=\"fws_69dcb068962e7\" data-midnight=\"\" data-column-margin=\"default\" class=\"wpb_row vc_row-fluid vc_row inner_row vc_row-o-equal-height vc_row-flex vc_row-o-content-middle\"  style=\"\"><div class=\"row-bg-wrap\"> <div class=\"row-bg\" ><\/div> <\/div><div class=\"row_col_wrap_12_inner col span_12  left\">\n\t<div style=\"\" class=\"vc_col-sm-6 wpb_column column_container vc_column_container col child_column no-extra-padding inherit_tablet inherit_phone\"  data-using-bg=\"true\" data-bg-cover=\"true\" data-padding-pos=\"all\" data-has-bg-color=\"false\" data-bg-color=\"\" data-bg-opacity=\"1\" data-animation=\"\" data-delay=\"0\" >\n\t\t<div class=\"vc_column-inner\" ><div class=\"column-image-bg-wrap column-bg-layer viewport-desktop\" data-n-parallax-bg=\"true\" data-parallax-speed=\"very_subtle\" data-bg-pos=\"center center\" data-bg-animation=\"none\" data-bg-overlay=\"false\"><div class=\"inner-wrap\"><div class=\"column-image-bg parallax-layer\" style=\" background-image: url('https:\/\/www.martinellieassociati.com\/wp-content\/uploads\/2025\/02\/Cristina-Erminero.webp'); \"><\/div><\/div><\/div>\n\t\t<div class=\"wpb_wrapper\">\n\t\t\t<div class=\"divider-wrap height_tablet_60vh height_phone_40vh\" data-alignment=\"default\"><div style=\"height: 100vh;\" class=\"divider\"><\/div><\/div>\n\t\t<\/div> \n\t<\/div>\n\t<\/div> \n\n\t<div  class=\"vc_col-sm-6 wpb_column column_container vc_column_container col child_column force-desktop-text-align-left left_padding_desktop_16pct left_padding_tablet_6pct left_padding_phone_6pct right_padding_desktop_16pct right_padding_tablet_6pct right_padding_phone_6pct\"   data-padding-pos=\"all\" data-has-bg-color=\"false\" data-bg-color=\"\" data-bg-opacity=\"1\" data-animation=\"\" data-delay=\"0\" >\n\t\t<div class=\"vc_column-inner\" >\n\t\t<div class=\"wpb_wrapper\">\n\t\t\t<div class=\"nectar-split-heading  text_direction_ltr  nome-persona\" data-align=\"default\" data-m-align=\"inherit\" data-text-effect=\"default\" data-animation-type=\"line-reveal-by-space\" data-animation-delay=\"0\" data-animation-offset=\"\" data-m-rm-animation=\"\" data-stagger=\"\" data-custom-font-size=\"false\" ><h1 >Cristina Erminero<\/h1><\/div><div class=\"nectar-split-heading  font_line_height_1-7 text_direction_ltr\" data-align=\"default\" data-m-align=\"inherit\" data-text-effect=\"none\" data-animation-type=\"line-reveal-by-space\" data-animation-delay=\"0\" data-animation-offset=\"\" data-m-rm-animation=\"\" data-stagger=\"\" data-custom-font-size=\"false\" ><p >Graduated in Economic and Social sciences at the Bocconi University of Milan. She was in charge for many years of the economic and statistical analysis of the productive Italian system. She\u2019s registered with the Milan Register of Certified Public Accountants and also registered with the Register of Auditors.<\/p><\/div><div class=\"iwithtext\"><div class=\"iwt-icon\"> <i class=\"icon-default-style fa fa-envelope accent-color\"><\/i> <\/div><div class=\"iwt-text\"> <a href=\"mailto:cristina.erminero@martinellieassociati.com\">cristina.erminero@martinellieassociati.com<\/a> <\/div><div class=\"clear\"><\/div><\/div>\n\t\t<\/div> \n\t<\/div>\n\t<\/div> \n<\/div><\/div>\n\t\t\t<\/div> \n\t\t<\/div>\n\t<\/div> \n<\/div><\/div>","protected":false},"excerpt":{"rendered":"Cristina ErmineroLaureata al Des all\u2019Universit\u00e0 Bocconi di Milano si \u00e8 occupata per anni di analisi economica e statistica del sistema produttivo italiano. \u00c8 iscritta all\u2019albo dei Dottori commercialisti ed esperti...","protected":false},"author":1,"featured_media":0,"parent":8317,"menu_order":0,"comment_status":"closed","ping_status":"closed","template":"","meta":{"inline_featured_image":false,"footnotes":""},"class_list":["post-8621","page","type-page","status-publish"],"_links":{"self":[{"href":"https:\/\/www.martinellieassociati.com\/en\/wp-json\/wp\/v2\/pages\/8621","targetHints":{"allow":["GET"]}}],"collection":[{"href":"https:\/\/www.martinellieassociati.com\/en\/wp-json\/wp\/v2\/pages"}],"about":[{"href":"https:\/\/www.martinellieassociati.com\/en\/wp-json\/wp\/v2\/types\/page"}],"author":[{"embeddable":true,"href":"https:\/\/www.martinellieassociati.com\/en\/wp-json\/wp\/v2\/users\/1"}],"replies":[{"embeddable":true,"href":"https:\/\/www.martinellieassociati.com\/en\/wp-json\/wp\/v2\/comments?post=8621"}],"version-history":[{"count":5,"href":"https:\/\/www.martinellieassociati.com\/en\/wp-json\/wp\/v2\/pages\/8621\/revisions"}],"predecessor-version":[{"id":8716,"href":"https:\/\/www.martinellieassociati.com\/en\/wp-json\/wp\/v2\/pages\/8621\/revisions\/8716"}],"up":[{"embeddable":true,"href":"https:\/\/www.martinellieassociati.com\/en\/wp-json\/wp\/v2\/pages\/8317"}],"wp:attachment":[{"href":"https:\/\/www.martinellieassociati.com\/en\/wp-json\/wp\/v2\/media?parent=8621"}],"curies":[{"name":"wp","href":"https:\/\/api.w.org\/{rel}","templated":true}]}}