{"id":8317,"date":"2021-11-14T01:42:25","date_gmt":"2021-11-14T01:42:25","guid":{"rendered":"https:\/\/themenectar.com\/salient\/architect\/?page_id=6"},"modified":"2025-03-17T18:34:19","modified_gmt":"2025-03-17T17:34:19","slug":"chi-siamo","status":"publish","type":"page","link":"https:\/\/www.martinellieassociati.com\/en\/chi-siamo\/","title":{"rendered":"About Us"},"content":{"rendered":"<div id=\"fws_69da14fbd3093\"  data-column-margin=\"default\" data-midnight=\"light\" data-top-percent=\"8%\" data-bottom-percent=\"12%\"  class=\"wpb_row vc_row-fluid vc_row full-width-content vc_row-o-equal-height vc_row-flex vc_row-o-content-top  zindex-set right_padding_6pct left_padding_6pct top_padding_tablet_20pct top_padding_phone_25pct bottom_padding_tablet_20pct bottom_padding_phone_25pct\"  style=\"padding-top: calc(100vw * 0.08); padding-bottom: calc(100vw * 0.12);  z-index: 100;\"><div class=\"row-bg-wrap\" data-bg-animation=\"fade-in\" data-bg-animation-delay=\"\" data-bg-overlay=\"true\"><div class=\"inner-wrap row-bg-layer using-image\" ><div class=\"row-bg viewport-desktop using-image\"  style=\"background-image: url(https:\/\/www.martinellieassociati.com\/wp-content\/uploads\/2024\/10\/Milano.webp); background-position: center center; background-repeat: no-repeat; \"><\/div><\/div><div class=\"row-bg-overlay row-bg-layer\" style=\"background-color:#28315f;  opacity: 0.8; \"><\/div><\/div><div class=\"nectar-shape-divider-wrap no-color\" style=\" height:200px;\"  data-height=\"200px\" data-front=\"\" data-style=\"speech\" data-position=\"bottom\" ><svg class=\"nectar-shape-divider\" aria-hidden=\"true\" fill=\"\" xmlns=\"http:\/\/www.w3.org\/2000\/svg\" viewbox=\"0 0 1000 100\" preserveaspectratio=\"none\"> <path d=\"M 0 45.86 h 458 c 29 0 42 19.27 42 19.27 s 13 -19.27 42.74 -19.27 h 457.26 v 54.14 h -1000 z\"><\/path>  <\/svg><\/div><div class=\"row_col_wrap_12 col span_12 light center\">\n\t<div  class=\"vc_col-sm-12 wpb_column column_container vc_column_container col no-extra-padding inherit_tablet inherit_phone\"  data-padding-pos=\"all\" data-has-bg-color=\"false\" data-bg-color=\"\" data-bg-opacity=\"1\" data-animation=\"\" data-delay=\"0\" >\n\t\t<div class=\"vc_column-inner\" >\n\t\t\t<div class=\"wpb_wrapper\">\n\t\t\t\t<div id=\"fws_69da14fbd32da\" data-midnight=\"\" data-column-margin=\"default\" class=\"wpb_row vc_row-fluid vc_row inner_row vc_row-o-content-middle\"  style=\"\"><div class=\"row-bg-wrap\"> <div class=\"row-bg\" ><\/div> <\/div><div class=\"row_col_wrap_12_inner col span_12  left\">\n\t<div  class=\"vc_col-sm-12 wpb_column column_container vc_column_container col child_column centered-text no-extra-padding force-desktop-text-align-center bottom_margin_tablet_20px inherit_tablet inherit_phone\"    data-t-w-inherits=\"small_desktop\" data-padding-pos=\"all\" data-has-bg-color=\"false\" data-bg-color=\"\" data-bg-opacity=\"1\" data-animation=\"\" data-delay=\"0\" >\n\t\t<div class=\"vc_column-inner\" >\n\t\t<div class=\"wpb_wrapper\">\n\t\t\t<div class=\"nectar-split-heading  font_size_3-5vw font_size_tablet_4-5vw font_size_phone_5-5vw\" data-align=\"default\" data-m-align=\"inherit\" data-text-effect=\"letter-reveal-bottom\" data-animation-type=\"line-reveal-by-space\" data-animation-delay=\"0\" data-animation-offset=\"\" data-m-rm-animation=\"true\" data-stagger=\"true\" data-custom-font-size=\"true\" style=\"font-size: 3.5vw; line-height: 3.85vw;\"><h1 >About Us<\/h1><\/div>\n\t\t<\/div> \n\t<\/div>\n\t<\/div> \n<\/div><\/div>\n\t\t\t<\/div> \n\t\t<\/div>\n\t<\/div> \n<\/div><\/div>\n\t\t<div id=\"fws_69da14fbd3448\"  data-column-margin=\"default\" data-midnight=\"dark\" data-top-percent=\"2%\" data-bottom-percent=\"5%\"  class=\"wpb_row vc_row-fluid vc_row full-width-content vc_row-o-equal-height vc_row-flex vc_row-o-content-top  right_padding_15pct left_padding_15pct top_padding_tablet_1pct bottom_padding_tablet_5pct right_padding_tablet_6pct right_padding_phone_6pct left_padding_tablet_6pct left_padding_phone_6pct\"  style=\"padding-top: calc(100vw * 0.02); padding-bottom: calc(100vw * 0.05); \"><div class=\"row-bg-wrap\" data-bg-animation=\"none\" data-bg-animation-delay=\"\" data-bg-overlay=\"false\"><div class=\"inner-wrap row-bg-layer\" ><div class=\"row-bg viewport-desktop\"  style=\"\"><\/div><\/div><\/div><div class=\"row_col_wrap_12 col span_12 dark left\">\n\t<div  class=\"vc_col-sm-12 wpb_column column_container vc_column_container col centered-text no-extra-padding force-tablet-text-align-left force-phone-text-align-left el_spacing_0px inherit_tablet inherit_phone\"  data-padding-pos=\"all\" data-has-bg-color=\"false\" data-bg-color=\"\" data-bg-opacity=\"1\" data-animation=\"\" data-delay=\"0\" >\n\t\t<div class=\"vc_column-inner\" >\n\t\t\t<div class=\"wpb_wrapper\">\n\t\t\t\t<div class=\"nectar-split-heading  font_size_phone_15px font_line_height_1-7\" data-align=\"default\" data-m-align=\"inherit\" data-text-effect=\"none\" data-animation-type=\"line-reveal-by-space\" data-animation-delay=\"0\" data-animation-offset=\"\" data-m-rm-animation=\"\" data-stagger=\"\" data-custom-font-size=\"false\" ><p >Founded in 1990 by Giovanni Martinelli, the \u201cStudio Associato\u201d is a pioneer in Tax and corporate consultancy for Italian and foreign companies. The associate firm has developed in time guaranteeing quality and competence in matters pertaining to Tax and corporate consultancy services. Currently there are five specialised experts at the service of each client, ready to assist him in all his needs. The \u201cStudio\u201d has created along the years a network of freelancers that collaborate closely and guarantee a complete, efficient and immediate answer to complex questions companies have to face.<\/p><\/div>\n\t\t\t<\/div> \n\t\t<\/div>\n\t<\/div> \n<\/div><\/div>\n\t\t<div id=\"fws_69da14fbd3666\"  data-column-margin=\"default\" data-midnight=\"light\" data-top-percent=\"5%\" data-bottom-percent=\"5%\"  class=\"wpb_row vc_row-fluid vc_row full-width-content vc_row-o-equal-height vc_row-flex vc_row-o-content-top parallax_section Persone right_padding_6pct left_padding_6pct top_padding_tablet_10pct bottom_padding_tablet_10pct\"  style=\"padding-top: calc(100vw * 0.05); padding-bottom: calc(100vw * 0.05); \"><div class=\"row-bg-wrap\" data-bg-animation=\"none\" data-bg-animation-delay=\"\" data-bg-overlay=\"true\"><div class=\"inner-wrap row-bg-layer using-image\" ><div class=\"row-bg viewport-desktop using-image\" data-parallax-speed=\"fast\" style=\"background-image: url(https:\/\/www.martinellieassociati.com\/wp-content\/uploads\/2024\/10\/Milano-1.webp); background-position: left top; background-repeat: no-repeat; \"><\/div><\/div><div class=\"row-bg-overlay row-bg-layer\" style=\"background: #28315f; background: linear-gradient(90deg,#28315f 0%,#3d405e 100%);  opacity: 0.95; \"><\/div><\/div><div class=\"row_col_wrap_12 col span_12 light left\">\n\t<div  class=\"vc_col-sm-4 wpb_column column_container vc_column_container col nectar-sticky-column-css has-animation no-extra-padding inherit_tablet inherit_phone\"  data-padding-pos=\"all\" data-has-bg-color=\"false\" data-bg-color=\"\" data-bg-opacity=\"1\" data-animation=\"fade-in-from-bottom\" data-delay=\"0\" >\n\t\t<div class=\"n-sticky\"><div class=\"vc_column-inner\" >\n\t\t\t<div class=\"wpb_wrapper\">\n\t\t\t\t<div class=\"nectar-split-heading  font_size_3vw\" data-align=\"default\" data-m-align=\"inherit\" data-text-effect=\"none\" data-animation-type=\"line-reveal-by-space\" data-animation-delay=\"0\" data-animation-offset=\"\" data-m-rm-animation=\"\" data-stagger=\"\" data-custom-font-size=\"true\" style=\"font-size: 3vw; line-height: 3.3vw;\"><h2 >Who we are<\/h2><\/div><div class=\"nectar-split-heading  font_size_phone_15px font_line_height_1-7\" data-align=\"default\" data-m-align=\"inherit\" data-text-effect=\"none\" data-animation-type=\"line-reveal-by-space\" data-animation-delay=\"0\" data-animation-offset=\"\" data-m-rm-animation=\"\" data-stagger=\"\" data-custom-font-size=\"false\" ><p >Experts at the service of each client.<\/p><\/div>\n\t\t\t<\/div> \n\t\t<\/div><\/div>\n\t<\/div> \n\n\t<div  class=\"vc_col-sm-8 wpb_column column_container vc_column_container col padding-6-percent el_spacing_0px no-extra-padding_tablet no-extra-padding_phone\"  data-padding-pos=\"left\" data-has-bg-color=\"false\" data-bg-color=\"\" data-bg-opacity=\"1\" data-animation=\"\" data-delay=\"0\" >\n\t\t<div class=\"vc_column-inner\" >\n\t\t\t<div class=\"wpb_wrapper\">\n\t\t\t\t<div id=\"fws_69da14fbd381c\" data-midnight=\"\" data-column-margin=\"30px\" class=\"wpb_row vc_row-fluid vc_row inner_row  top_padding_tablet_40px bottom_padding_tablet_0px\"  style=\"padding-bottom: 20px; \"><div class=\"row-bg-wrap\"> <div class=\"row-bg\" ><\/div> <\/div><div class=\"row_col_wrap_12_inner col span_12  left\">\n\t<div  class=\"vc_col-sm-6 wpb_column column_container vc_column_container col child_column no-extra-padding inherit_tablet inherit_phone\"    data-t-w-inherits=\"small_desktop\" data-padding-pos=\"all\" data-has-bg-color=\"false\" data-bg-color=\"\" data-bg-opacity=\"1\" data-animation=\"\" data-delay=\"0\" >\n\t\t<div class=\"vc_column-inner\" >\n\t\t<div class=\"wpb_wrapper\">\n\t\t\t<div class=\"nectar-fancy-box nectar-underline using-img  has-animation aspect-1-1\"  data-style=\"image_above_text_underline\" data-border-radius=\"default\" data-animation=\"fade-in-from-right\" data-delay=\"0\" data-alignment=\"left\"><div class=\"image-wrap\"><div class=\"box-bg\"  style=\"background-image: url('https:\/\/www.martinellieassociati.com\/wp-content\/uploads\/2025\/02\/Giovanni-Martinelli-1024x915.webp'); \"><\/div><\/div>\n\t\t<div class=\"text\">\n<h3>Giovanni Martinelli<\/h3>\n<\/div> <a  href=\"https:\/\/www.martinellieassociati.com\/en\/chi-siamo\/giovanni-martinelli\/\" class=\"box-link\"><span class=\"screen-reader-text\">Giovanni Martinelli<\/span><\/a>\n\t\t<\/div>\n\t\t<\/div> \n\t<\/div>\n\t<\/div> \n\n\t<div  class=\"vc_col-sm-6 wpb_column column_container vc_column_container col child_column no-extra-padding inherit_tablet inherit_phone\"    data-t-w-inherits=\"small_desktop\" data-padding-pos=\"all\" data-has-bg-color=\"false\" data-bg-color=\"\" data-bg-opacity=\"1\" data-animation=\"\" data-delay=\"0\" >\n\t\t<div class=\"vc_column-inner\" >\n\t\t<div class=\"wpb_wrapper\">\n\t\t\t<div class=\"nectar-fancy-box nectar-underline using-img  has-animation aspect-1-1\"  data-style=\"image_above_text_underline\" data-border-radius=\"default\" data-animation=\"fade-in-from-right\" data-delay=\"0\" data-alignment=\"left\"><div class=\"image-wrap\"><div class=\"box-bg\"  style=\"background-image: url('https:\/\/www.martinellieassociati.com\/wp-content\/uploads\/2025\/02\/Claudio-Santambrogio-1024x915.webp'); \"><\/div><\/div>\n\t\t<div class=\"text\">\n<h3>Claudio Santambrogio<\/h3>\n<\/div> <a  href=\"https:\/\/www.martinellieassociati.com\/en\/chi-siamo\/claudio-santambrogio\/\" class=\"box-link\"><span class=\"screen-reader-text\">Claudio Santambrogio<\/span><\/a>\n\t\t<\/div>\n\t\t<\/div> \n\t<\/div>\n\t<\/div> \n<\/div><\/div><div class=\"divider-wrap height_tablet_20px height_phone_20px\" data-alignment=\"default\"><div style=\"height: 7vh;\" class=\"divider\"><\/div><\/div><div id=\"fws_69da14fbd3be0\" data-midnight=\"\" data-column-margin=\"30px\" class=\"wpb_row vc_row-fluid vc_row inner_row  vc_custom_1634415872169\"  style=\"\"><div class=\"row-bg-wrap\"> <div class=\"row-bg\" ><\/div> <\/div><div class=\"row_col_wrap_12_inner col span_12  left\">\n\t<div style=\"margin-bottom: 40px; \" class=\"vc_col-sm-4 vc_col-lg-4 vc_col-md-4 vc_col-xs-12 wpb_column column_container vc_column_container col child_column bottom_margin_tablet_50px bottom_margin_phone_20px\"    data-t-w-inherits=\"small_desktop\" data-padding-pos=\"all\" data-has-bg-color=\"false\" data-bg-color=\"\" data-bg-opacity=\"1\" data-animation=\"\" data-delay=\"0\" >\n\t\t<div class=\"vc_column-inner\" >\n\t\t<div class=\"wpb_wrapper\">\n\t\t\t<div class=\"nectar-fancy-box nectar-underline using-img  has-animation aspect-1-1\"  data-style=\"image_above_text_underline\" data-border-radius=\"default\" data-animation=\"fade-in-from-right\" data-delay=\"0\" data-alignment=\"left\"><div class=\"image-wrap\"><div class=\"box-bg\"  style=\"background-image: url('https:\/\/www.martinellieassociati.com\/wp-content\/uploads\/2025\/02\/Renata-Pontoglio-1024x915.webp'); \"><\/div><\/div>\n\t\t<div class=\"text\">\n<h3>Renata Pontoglio<\/h3>\n<\/div> <a  href=\"https:\/\/www.martinellieassociati.com\/en\/chi-siamo\/renata-pontoglio\/\" class=\"box-link\"><span class=\"screen-reader-text\">Renata Pontoglio<\/span><\/a>\n\t\t<\/div>\n\t\t<\/div> \n\t<\/div>\n\t<\/div> \n\n\t<div style=\"margin-bottom: 40px; \" class=\"vc_col-sm-4 vc_col-lg-4 vc_col-md-4 vc_col-xs-12 wpb_column column_container vc_column_container col child_column bottom_margin_tablet_50px bottom_margin_phone_20px\"    data-t-w-inherits=\"small_desktop\" data-padding-pos=\"all\" data-has-bg-color=\"false\" data-bg-color=\"\" data-bg-opacity=\"1\" data-animation=\"\" data-delay=\"0\" >\n\t\t<div class=\"vc_column-inner\" >\n\t\t<div class=\"wpb_wrapper\">\n\t\t\t<div class=\"nectar-fancy-box nectar-underline using-img  has-animation aspect-1-1\"  data-style=\"image_above_text_underline\" data-border-radius=\"default\" data-animation=\"fade-in-from-right\" data-delay=\"0\" data-alignment=\"left\"><div class=\"image-wrap\"><div class=\"box-bg\"  style=\"background-image: url('https:\/\/www.martinellieassociati.com\/wp-content\/uploads\/2025\/02\/Guido-Martinelli-1024x915.webp'); \"><\/div><\/div>\n\t\t<div class=\"text\">\n<h3>Guido Martinelli<\/h3>\n<\/div> <a  href=\"https:\/\/www.martinellieassociati.com\/en\/chi-siamo\/guido-martinelli\/\" class=\"box-link\"><span class=\"screen-reader-text\">Guido Martinelli<\/span><\/a>\n\t\t<\/div>\n\t\t<\/div> \n\t<\/div>\n\t<\/div> \n\n\t<div style=\"margin-bottom: 40px; \" class=\"vc_col-sm-4 vc_col-lg-4 vc_col-md-4 vc_col-xs-12 wpb_column column_container vc_column_container col child_column bottom_margin_tablet_50px bottom_margin_phone_20px\"    data-t-w-inherits=\"small_desktop\" data-padding-pos=\"all\" data-has-bg-color=\"false\" data-bg-color=\"\" data-bg-opacity=\"1\" data-animation=\"\" data-delay=\"0\" >\n\t\t<div class=\"vc_column-inner\" >\n\t\t<div class=\"wpb_wrapper\">\n\t\t\t<div class=\"nectar-fancy-box nectar-underline using-img  has-animation aspect-1-1\"  data-style=\"image_above_text_underline\" data-border-radius=\"default\" data-animation=\"fade-in-from-right\" data-delay=\"0\" data-alignment=\"left\"><div class=\"image-wrap\"><div class=\"box-bg\"  style=\"background-image: url('https:\/\/www.martinellieassociati.com\/wp-content\/uploads\/2025\/02\/Cristina-Erminero-1024x915.webp'); \"><\/div><\/div>\n\t\t<div class=\"text\">\n<h3>Cristina Erminero<\/h3>\n<\/div> <a  href=\"https:\/\/www.martinellieassociati.com\/en\/chi-siamo\/cristina-erminero\/\" class=\"box-link\"><span class=\"screen-reader-text\">Cristina Erminero<\/span><\/a>\n\t\t<\/div>\n\t\t<\/div> \n\t<\/div>\n\t<\/div> \n<\/div><\/div>\n\t\t\t<\/div> \n\t\t<\/div>\n\t<\/div> \n<\/div><\/div>","protected":false},"excerpt":{"rendered":"Chi Siamo Fondato nel 1990 da Giovanni Martinelli, lo Studio Associato si \u00e8 sempre dedicato alla consulenza aziendale di societ\u00e0 italiane e straniere. Nel tempo si \u0117 sviluppato per competenze...","protected":false},"author":1,"featured_media":0,"parent":0,"menu_order":0,"comment_status":"closed","ping_status":"closed","template":"","meta":{"inline_featured_image":false,"footnotes":""},"class_list":["post-8317","page","type-page","status-publish"],"_links":{"self":[{"href":"https:\/\/www.martinellieassociati.com\/en\/wp-json\/wp\/v2\/pages\/8317","targetHints":{"allow":["GET"]}}],"collection":[{"href":"https:\/\/www.martinellieassociati.com\/en\/wp-json\/wp\/v2\/pages"}],"about":[{"href":"https:\/\/www.martinellieassociati.com\/en\/wp-json\/wp\/v2\/types\/page"}],"author":[{"embeddable":true,"href":"https:\/\/www.martinellieassociati.com\/en\/wp-json\/wp\/v2\/users\/1"}],"replies":[{"embeddable":true,"href":"https:\/\/www.martinellieassociati.com\/en\/wp-json\/wp\/v2\/comments?post=8317"}],"version-history":[{"count":70,"href":"https:\/\/www.martinellieassociati.com\/en\/wp-json\/wp\/v2\/pages\/8317\/revisions"}],"predecessor-version":[{"id":8729,"href":"https:\/\/www.martinellieassociati.com\/en\/wp-json\/wp\/v2\/pages\/8317\/revisions\/8729"}],"wp:attachment":[{"href":"https:\/\/www.martinellieassociati.com\/en\/wp-json\/wp\/v2\/media?parent=8317"}],"curies":[{"name":"wp","href":"https:\/\/api.w.org\/{rel}","templated":true}]}}